{"id":329,"date":"2025-07-27T16:40:52","date_gmt":"2025-07-27T08:40:52","guid":{"rendered":"https:\/\/saungyu.com\/?post_type=product&#038;p=329"},"modified":"2025-10-26T15:01:53","modified_gmt":"2025-10-26T07:01:53","slug":"4-inch-bookshelf-speaker-with-blue-woofer-in-black-enclosure","status":"publish","type":"product","link":"https:\/\/saungyu.com\/es\/products\/4-inch-bookshelf-speaker-with-blue-woofer-in-black-enclosure\/","title":{"rendered":"Altavoz de estanter\u00eda de 4 pulgadas con woofer azul y carcasa negra"},"content":{"rendered":"","protected":false},"excerpt":{"rendered":"","protected":false},"featured_media":3383,"template":"","meta":{"_acf_changed":false},"product_brand":[],"product_cat":[15],"product_tag":[],"class_list":{"0":"post-329","1":"product","2":"type-product","3":"status-publish","4":"has-post-thumbnail","6":"product_cat-bookshelf-speakers","8":"first","9":"instock","10":"featured","11":"shipping-taxable","12":"purchasable","13":"product-type-simple"},"acf":[],"yoast_head":"<!-- This site is optimized with the Yoast SEO Premium plugin v26.8 (Yoast SEO v26.8) - https:\/\/yoast.com\/product\/yoast-seo-premium-wordpress\/ -->\n<title>4-inch Bookshelf Speaker with Blue Woofer in Black Enclosure - Subwoofer,Soundbar &amp; Bookshelf Speaker Manufacturer Supplier<\/title>\n<meta name=\"robots\" content=\"index, follow, max-snippet:-1, max-image-preview:large, max-video-preview:-1\" \/>\n<link rel=\"canonical\" href=\"https:\/\/saungyu.com\/es\/products\/4-inch-bookshelf-speaker-with-blue-woofer-in-black-enclosure\/\" \/>\n<meta property=\"og:locale\" content=\"es_ES\" \/>\n<meta property=\"og:type\" content=\"article\" \/>\n<meta property=\"og:title\" content=\"4-inch Bookshelf Speaker with Blue Woofer in Black Enclosure\" \/>\n<meta property=\"og:url\" content=\"https:\/\/saungyu.com\/es\/products\/4-inch-bookshelf-speaker-with-blue-woofer-in-black-enclosure\/\" \/>\n<meta property=\"og:site_name\" content=\"Subwoofer,Soundbar &amp; Bookshelf Speaker Manufacturer Supplier\" \/>\n<meta property=\"article:publisher\" content=\"https:\/\/www.facebook.com\/profile.php?id=61578351083904\" \/>\n<meta property=\"article:modified_time\" content=\"2025-10-26T07:01:53+00:00\" \/>\n<meta property=\"og:image\" content=\"https:\/\/saungyu.com\/wp-content\/uploads\/2025\/10\/4-inch-Bookshelf-Speaker-with-Blue-Woofer-in-Black-Enclosure-1.webp\" \/>\n\t<meta property=\"og:image:width\" content=\"800\" \/>\n\t<meta property=\"og:image:height\" content=\"800\" \/>\n\t<meta property=\"og:image:type\" content=\"image\/webp\" \/>\n<meta name=\"twitter:card\" content=\"summary_large_image\" \/>\n<meta name=\"twitter:site\" content=\"@SaungyuDigital\" \/>\n<meta name=\"twitter:label1\" content=\"Precio\" \/>\n\t<meta name=\"twitter:data1\" content=\"&yen;0.00\" \/>\n\t<meta name=\"twitter:label2\" content=\"Disponibilidad\" \/>\n\t<meta name=\"twitter:data2\" content=\"Disponible\" \/>\n<script type=\"application\/ld+json\" class=\"yoast-schema-graph\">{\"@context\":\"https:\/\/schema.org\",\"@graph\":[{\"@type\":\"WebPage\",\"@id\":\"https:\/\/saungyu.com\/products\/4-inch-bookshelf-speaker-with-blue-woofer-in-black-enclosure\/\",\"url\":\"https:\/\/saungyu.com\/products\/4-inch-bookshelf-speaker-with-blue-woofer-in-black-enclosure\/\",\"name\":\"4-inch Bookshelf Speaker with Blue Woofer in Black Enclosure - Subwoofer,Soundbar &amp; Bookshelf Speaker Manufacturer Supplier\",\"isPartOf\":{\"@id\":\"https:\/\/saungyu.com\/#website\"},\"primaryImageOfPage\":{\"@id\":\"https:\/\/saungyu.com\/products\/4-inch-bookshelf-speaker-with-blue-woofer-in-black-enclosure\/#primaryimage\"},\"image\":{\"@id\":\"https:\/\/saungyu.com\/products\/4-inch-bookshelf-speaker-with-blue-woofer-in-black-enclosure\/#primaryimage\"},\"thumbnailUrl\":\"https:\/\/saungyu.com\/wp-content\/uploads\/2025\/10\/4-inch-Bookshelf-Speaker-with-Blue-Woofer-in-Black-Enclosure-1.webp\",\"datePublished\":\"2025-07-27T08:40:52+00:00\",\"dateModified\":\"2025-10-26T07:01:53+00:00\",\"breadcrumb\":{\"@id\":\"https:\/\/saungyu.com\/products\/4-inch-bookshelf-speaker-with-blue-woofer-in-black-enclosure\/#breadcrumb\"},\"inLanguage\":\"es\",\"potentialAction\":[{\"@type\":\"ReadAction\",\"target\":[\"https:\/\/saungyu.com\/products\/4-inch-bookshelf-speaker-with-blue-woofer-in-black-enclosure\/\"]}]},{\"@type\":\"ImageObject\",\"inLanguage\":\"es\",\"@id\":\"https:\/\/saungyu.com\/products\/4-inch-bookshelf-speaker-with-blue-woofer-in-black-enclosure\/#primaryimage\",\"url\":\"https:\/\/saungyu.com\/wp-content\/uploads\/2025\/10\/4-inch-Bookshelf-Speaker-with-Blue-Woofer-in-Black-Enclosure-1.webp\",\"contentUrl\":\"https:\/\/saungyu.com\/wp-content\/uploads\/2025\/10\/4-inch-Bookshelf-Speaker-with-Blue-Woofer-in-Black-Enclosure-1.webp\",\"width\":800,\"height\":800,\"caption\":\"4-inch Bookshelf Speaker with Blue Woofer in Black Enclosure-1\"},{\"@type\":\"BreadcrumbList\",\"@id\":\"https:\/\/saungyu.com\/products\/4-inch-bookshelf-speaker-with-blue-woofer-in-black-enclosure\/#breadcrumb\",\"itemListElement\":[{\"@type\":\"ListItem\",\"position\":1,\"name\":\"Home\",\"item\":\"https:\/\/saungyu.com\/\"},{\"@type\":\"ListItem\",\"position\":2,\"name\":\"Product\",\"item\":\"https:\/\/saungyu.com\/shop-page\/\"},{\"@type\":\"ListItem\",\"position\":3,\"name\":\"4-inch Bookshelf Speaker with Blue Woofer in Black Enclosure\"}]},{\"@type\":\"WebSite\",\"@id\":\"https:\/\/saungyu.com\/#website\",\"url\":\"https:\/\/saungyu.com\/\",\"name\":\"Subwoofer,Soundbar & Bookshelf Speaker Manufacturer Supplier\",\"description\":\"SAUNGYU is a leading OEM manufacture of high-quality Bookshelf Speakers, Soundbar Speakers, Subwoofers, Outdoor Portable Speakers, Hotel Cinema Speakers and more for esteemed brands across the world.\",\"publisher\":{\"@id\":\"https:\/\/saungyu.com\/#organization\"},\"alternateName\":\"SAUNGYU\",\"potentialAction\":[{\"@type\":\"SearchAction\",\"target\":{\"@type\":\"EntryPoint\",\"urlTemplate\":\"https:\/\/saungyu.com\/?s={search_term_string}\"},\"query-input\":{\"@type\":\"PropertyValueSpecification\",\"valueRequired\":true,\"valueName\":\"search_term_string\"}}],\"inLanguage\":\"es\"},{\"@type\":\"Organization\",\"@id\":\"https:\/\/saungyu.com\/#organization\",\"name\":\"Subwoofer,Soundbar & Bookshelf Speaker Manufacturer Supplier\",\"alternateName\":\"SAUNGYU\",\"url\":\"https:\/\/saungyu.com\/\",\"logo\":{\"@type\":\"ImageObject\",\"inLanguage\":\"es\",\"@id\":\"https:\/\/saungyu.com\/#\/schema\/logo\/image\/\",\"url\":\"https:\/\/saungyu.com\/wp-content\/uploads\/2025\/07\/SAUNGYU-ICON.png\",\"contentUrl\":\"https:\/\/saungyu.com\/wp-content\/uploads\/2025\/07\/SAUNGYU-ICON.png\",\"width\":800,\"height\":800,\"caption\":\"Subwoofer,Soundbar & Bookshelf Speaker Manufacturer Supplier\"},\"image\":{\"@id\":\"https:\/\/saungyu.com\/#\/schema\/logo\/image\/\"},\"sameAs\":[\"https:\/\/www.facebook.com\/profile.php?id=61578351083904\",\"https:\/\/x.com\/SaungyuDigital\",\"https:\/\/mastodon.social\/@saungyu\",\"https:\/\/www.youtube.com\/@SAUNGYU-DIGITAL\",\"https:\/\/www.pinterest.com\/saungyudigital\/\",\"https:\/\/www.instagram.com\/saungyu_digital\/\",\"https:\/\/www.tumblr.com\/saungyu\",\"https:\/\/vk.com\/saungyu\",\"https:\/\/web.telegram.org\/a\/#-1002822424099\",\"https:\/\/www.reddit.com\/r\/SAUNGYU\/\"],\"description\":\"SAUNGYU is a leading OEM manufacture of high-quality Bookshelf Speakers, Soundbar Speakers, Subwoofers, Outdoor Portable Speakers, Hotel Cinema Speakers and more for esteemed brands across the world.\",\"legalName\":\"Shenzhen Saungyu Digital Technology Co., Ltd.\",\"foundingDate\":\"2014-01-01\",\"numberOfEmployees\":{\"@type\":\"QuantitativeValue\",\"minValue\":\"11\",\"maxValue\":\"50\"}}]}<\/script>\n<meta property=\"product:price:amount\" content=\"0.00\" \/>\n<meta property=\"product:price:currency\" content=\"CNY\" \/>\n<meta property=\"og:availability\" content=\"instock\" \/>\n<meta property=\"product:availability\" content=\"instock\" \/>\n<meta property=\"product:condition\" content=\"new\" \/>\n<!-- \/ Yoast SEO Premium plugin. -->","yoast_head_json":{"title":"Altavoz de estanter\u00eda de 4 pulgadas con woofer azul en carcasa negra - Subwoofer,Barra de sonido y altavoz de estanter\u00eda Proveedor","robots":{"index":"index","follow":"follow","max-snippet":"max-snippet:-1","max-image-preview":"max-image-preview:large","max-video-preview":"max-video-preview:-1"},"canonical":"https:\/\/saungyu.com\/es\/products\/4-inch-bookshelf-speaker-with-blue-woofer-in-black-enclosure\/","og_locale":"es_ES","og_type":"article","og_title":"4-inch Bookshelf Speaker with Blue Woofer in Black Enclosure","og_url":"https:\/\/saungyu.com\/es\/products\/4-inch-bookshelf-speaker-with-blue-woofer-in-black-enclosure\/","og_site_name":"Subwoofer,Soundbar &amp; Bookshelf Speaker Manufacturer Supplier","article_publisher":"https:\/\/www.facebook.com\/profile.php?id=61578351083904","article_modified_time":"2025-10-26T07:01:53+00:00","og_image":[{"width":800,"height":800,"url":"https:\/\/saungyu.com\/wp-content\/uploads\/2025\/10\/4-inch-Bookshelf-Speaker-with-Blue-Woofer-in-Black-Enclosure-1.webp","type":"image\/webp"}],"twitter_card":"summary_large_image","twitter_site":"@SaungyuDigital","twitter_misc":{"Precio":"&yen;0.00","Disponibilidad":"Disponible"},"schema":{"@context":"https:\/\/schema.org","@graph":[{"@type":"WebPage","@id":"https:\/\/saungyu.com\/products\/4-inch-bookshelf-speaker-with-blue-woofer-in-black-enclosure\/","url":"https:\/\/saungyu.com\/products\/4-inch-bookshelf-speaker-with-blue-woofer-in-black-enclosure\/","name":"Altavoz de estanter\u00eda de 4 pulgadas con woofer azul en carcasa negra - Subwoofer,Barra de sonido y altavoz de estanter\u00eda Proveedor","isPartOf":{"@id":"https:\/\/saungyu.com\/#website"},"primaryImageOfPage":{"@id":"https:\/\/saungyu.com\/products\/4-inch-bookshelf-speaker-with-blue-woofer-in-black-enclosure\/#primaryimage"},"image":{"@id":"https:\/\/saungyu.com\/products\/4-inch-bookshelf-speaker-with-blue-woofer-in-black-enclosure\/#primaryimage"},"thumbnailUrl":"https:\/\/saungyu.com\/wp-content\/uploads\/2025\/10\/4-inch-Bookshelf-Speaker-with-Blue-Woofer-in-Black-Enclosure-1.webp","datePublished":"2025-07-27T08:40:52+00:00","dateModified":"2025-10-26T07:01:53+00:00","breadcrumb":{"@id":"https:\/\/saungyu.com\/products\/4-inch-bookshelf-speaker-with-blue-woofer-in-black-enclosure\/#breadcrumb"},"inLanguage":"es","potentialAction":[{"@type":"ReadAction","target":["https:\/\/saungyu.com\/products\/4-inch-bookshelf-speaker-with-blue-woofer-in-black-enclosure\/"]}]},{"@type":"ImageObject","inLanguage":"es","@id":"https:\/\/saungyu.com\/products\/4-inch-bookshelf-speaker-with-blue-woofer-in-black-enclosure\/#primaryimage","url":"https:\/\/saungyu.com\/wp-content\/uploads\/2025\/10\/4-inch-Bookshelf-Speaker-with-Blue-Woofer-in-Black-Enclosure-1.webp","contentUrl":"https:\/\/saungyu.com\/wp-content\/uploads\/2025\/10\/4-inch-Bookshelf-Speaker-with-Blue-Woofer-in-Black-Enclosure-1.webp","width":800,"height":800,"caption":"4-inch Bookshelf Speaker with Blue Woofer in Black Enclosure-1"},{"@type":"BreadcrumbList","@id":"https:\/\/saungyu.com\/products\/4-inch-bookshelf-speaker-with-blue-woofer-in-black-enclosure\/#breadcrumb","itemListElement":[{"@type":"ListItem","position":1,"name":"Home","item":"https:\/\/saungyu.com\/"},{"@type":"ListItem","position":2,"name":"Product","item":"https:\/\/saungyu.com\/shop-page\/"},{"@type":"ListItem","position":3,"name":"4-inch Bookshelf Speaker with Blue Woofer in Black Enclosure"}]},{"@type":"WebSite","@id":"https:\/\/saungyu.com\/#website","url":"https:\/\/saungyu.com\/","name":"Subwoofer,Soundbar y altavoz de estanter\u00eda Proveedor","description":"SAUNGYU es un fabricante OEM l\u00edder de alta calidad de altavoces de estanter\u00eda, altavoces Soundbar, subwoofers, altavoces port\u00e1tiles al aire libre, altavoces de cine del hotel y m\u00e1s para las marcas estimadas en todo el mundo.","publisher":{"@id":"https:\/\/saungyu.com\/#organization"},"alternateName":"SAUNGYU","potentialAction":[{"@type":"SearchAction","target":{"@type":"EntryPoint","urlTemplate":"https:\/\/saungyu.com\/?s={search_term_string}"},"query-input":{"@type":"PropertyValueSpecification","valueRequired":true,"valueName":"search_term_string"}}],"inLanguage":"es"},{"@type":"Organization","@id":"https:\/\/saungyu.com\/#organization","name":"Subwoofer,Soundbar y altavoz de estanter\u00eda Proveedor","alternateName":"SAUNGYU","url":"https:\/\/saungyu.com\/","logo":{"@type":"ImageObject","inLanguage":"es","@id":"https:\/\/saungyu.com\/#\/schema\/logo\/image\/","url":"https:\/\/saungyu.com\/wp-content\/uploads\/2025\/07\/SAUNGYU-ICON.png","contentUrl":"https:\/\/saungyu.com\/wp-content\/uploads\/2025\/07\/SAUNGYU-ICON.png","width":800,"height":800,"caption":"Subwoofer,Soundbar & Bookshelf Speaker Manufacturer Supplier"},"image":{"@id":"https:\/\/saungyu.com\/#\/schema\/logo\/image\/"},"sameAs":["https:\/\/www.facebook.com\/profile.php?id=61578351083904","https:\/\/x.com\/SaungyuDigital","https:\/\/mastodon.social\/@saungyu","https:\/\/www.youtube.com\/@SAUNGYU-DIGITAL","https:\/\/www.pinterest.com\/saungyudigital\/","https:\/\/www.instagram.com\/saungyu_digital\/","https:\/\/www.tumblr.com\/saungyu","https:\/\/vk.com\/saungyu","https:\/\/web.telegram.org\/a\/#-1002822424099","https:\/\/www.reddit.com\/r\/SAUNGYU\/"],"description":"SAUNGYU es un fabricante OEM l\u00edder de alta calidad de altavoces de estanter\u00eda, altavoces Soundbar, subwoofers, altavoces port\u00e1tiles al aire libre, altavoces de cine del hotel y m\u00e1s para las marcas estimadas en todo el mundo.","legalName":"Shenzhen Saungyu Digital Technology Co., Ltd.","foundingDate":"2014-01-01","numberOfEmployees":{"@type":"QuantitativeValue","minValue":"11","maxValue":"50"}}]},"product_price_amount":"0.00","product_price_currency":"CNY","og_availability":"instock","product_availability":"instock","product_condition":"new"},"_links":{"self":[{"href":"https:\/\/saungyu.com\/es\/wp-json\/wp\/v2\/product\/329","targetHints":{"allow":["GET"]}}],"collection":[{"href":"https:\/\/saungyu.com\/es\/wp-json\/wp\/v2\/product"}],"about":[{"href":"https:\/\/saungyu.com\/es\/wp-json\/wp\/v2\/types\/product"}],"wp:featuredmedia":[{"embeddable":true,"href":"https:\/\/saungyu.com\/es\/wp-json\/wp\/v2\/media\/3383"}],"wp:attachment":[{"href":"https:\/\/saungyu.com\/es\/wp-json\/wp\/v2\/media?parent=329"}],"wp:term":[{"taxonomy":"product_brand","embeddable":true,"href":"https:\/\/saungyu.com\/es\/wp-json\/wp\/v2\/product_brand?post=329"},{"taxonomy":"product_cat","embeddable":true,"href":"https:\/\/saungyu.com\/es\/wp-json\/wp\/v2\/product_cat?post=329"},{"taxonomy":"product_tag","embeddable":true,"href":"https:\/\/saungyu.com\/es\/wp-json\/wp\/v2\/product_tag?post=329"}],"curies":[{"name":"wp","href":"https:\/\/api.w.org\/{rel}","templated":true}]}}